{"id":241,"date":"2017-12-04T18:50:44","date_gmt":"2017-12-04T17:50:44","guid":{"rendered":"http:\/\/www.allavitedorata.com\/location\/"},"modified":"2017-12-04T19:31:59","modified_gmt":"2017-12-04T18:31:59","slug":"location","status":"publish","type":"page","link":"https:\/\/www.allavitedorata.com\/en\/location\/","title":{"rendered":"Location"},"content":{"rendered":"<div class=\"wpb-content-wrapper\"><p>[vc_row css_animation=&#8221;&#8221; row_type=&#8221;row&#8221; use_row_as_full_screen_section=&#8221;no&#8221; type=&#8221;full_width&#8221; angled_section=&#8221;no&#8221; text_align=&#8221;left&#8221; background_image_as_pattern=&#8221;without_pattern&#8221; el_class=&#8221;full-width-map&#8221;][vc_column][vc_column_text]<div id=\"wpgmza_map\" class=\"wpgmza_map\" data-settings='{\"id\":\"1\",\"map_title\":\"My first map\",\"map_width\":\"100\",\"map_height\":\"700\",\"map_start_lat\":\"45.441838\",\"map_start_lng\":\"12.336901\",\"map_start_location\":\"45.44183763559776,12.336900872178376\",\"map_start_zoom\":\"15\",\"default_marker\":\"0\",\"type\":\"1\",\"alignment\":\"1\",\"directions_enabled\":\"1\",\"styling_enabled\":\"0\",\"styling_json\":\"\",\"active\":\"0\",\"kml\":\"\",\"bicycle\":\"0\",\"traffic\":\"0\",\"dbox\":\"1\",\"dbox_width\":\"100\",\"listmarkers\":\"0\",\"listmarkers_advanced\":\"0\",\"filterbycat\":\"0\",\"ugm_enabled\":\"0\",\"ugm_category_enabled\":\"0\",\"fusion\":\"\",\"map_width_type\":\"\\\\%\",\"map_height_type\":\"px\",\"mass_marker_support\":\"1\",\"ugm_access\":\"0\",\"order_markers_by\":\"1\",\"order_markers_choice\":\"2\",\"show_user_location\":\"0\",\"default_to\":\"\",\"other_settings\":{\"store_locator_enabled\":2,\"store_locator_distance\":2,\"store_locator_default_radius\":\"10\",\"store_locator_not_found_message\":\"No results found in this location. Please try again.\",\"store_locator_bounce\":1,\"store_locator_query_string\":\"CAP \\\/ Indirizzo:\",\"store_locator_default_address\":\"\",\"wpgmza_store_locator_restrict\":\"\",\"map_max_zoom\":\"1\",\"transport_layer\":0,\"wpgmza_theme_data\":\"[ { \\\\\\\"featureType\\\\\\\": \\\\\\\"poi\\\\\\\", \\\\\\\"stylers\\\\\\\": [ { \\\\\\\"visibility\\\\\\\": \\\\\\\"off\\\\\\\" } ] } ]\",\"wpgmza_show_points_of_interest\":1}}' data-map-id='1' Data-maps-engine='' data-shortcode-attributes='{\"id\":\"1\"}' style=\"display:block; overflow:auto; width:100%; height:700px; float:left;\"><\/div>[\/vc_column_text][\/vc_column][\/vc_row][vc_row css_animation=&#8221;&#8221; row_type=&#8221;row&#8221; use_row_as_full_screen_section=&#8221;no&#8221; type=&#8221;grid&#8221; anchor=&#8221;#come-raggiungere&#8221; angled_section=&#8221;no&#8221; text_align=&#8221;left&#8221; background_image_as_pattern=&#8221;without_pattern&#8221; padding_top=&#8221;30&#8243; padding_bottom=&#8221;30&#8243;][vc_column][vc_column_text]<\/p>\n<h2>How to reach Locanda Alla Vite Dorata<\/h2>\n<p>[\/vc_column_text][\/vc_column][\/vc_row][vc_row css_animation=&#8221;&#8221; row_type=&#8221;row&#8221; use_row_as_full_screen_section=&#8221;no&#8221; type=&#8221;grid&#8221; angled_section=&#8221;no&#8221; text_align=&#8221;left&#8221; background_image_as_pattern=&#8221;without_pattern&#8221; padding_bottom=&#8221;30&#8243;][vc_column width=&#8221;1\/6&#8243;]<span data-type=\"circle\" data-hover-bg-color=\"#043f72\" data-hover-icon-color=\"#ffffff\" class=\"qode_icon_shortcode fa-stack q_font_awsome_icon_stack fa-4x pull-center \" style=\"font-size: 25px;font-size: 35px; \"><i class=\"fa fa-circle fa-stack-base fa-stack-2x\" style=\"color: #043f72;\"><\/i><i class=\"qode_icon_font_awesome fa fa-plane qode_icon_element fa-stack-1x\" style=\"font-size: 25px;color: #ffffff;\" ><\/i><\/span>[\/vc_column][vc_column width=&#8221;5\/6&#8243;][vc_empty_space height=&#8221;5px&#8221;][vc_column_text]<\/p>\n<h3>By plane from the Venice Marco Polo airport<\/h3>\n<p>[\/vc_column_text][vc_empty_space height=&#8221;15px&#8221;][vc_column_text]<b>By land<\/b><\/p>\n<p>you can reach Piazzale Roma square by ATVO \u201cFly bus\u201d which provides regular shuttle service from the airport to Venice, or by ACTV bus number 5. From Piazzale Roma take vaporetto (Venetian public transport boat) number 1 towards San Marco\/Rialto and get off at Ca\u2019 d\u2019 oro stop. At the end of Calle Ca\u2019d\u2019 oro street turn to the right into Strada Nuova street and continue till campo SS. Apostoli square. Then turn left and follow Salizada del Pistor till Rio ter\u00e0 dei Franceschi where you will turn right. Go on &#8217;til Rio ter\u00e0 SS. Apostoli and turn on left. Continue to newspaper kiosk, turn left into Rio ter\u00e0 Barba Frutariol and go ahead to the canal where you\u2019ll see our hotel \u201cAlla vite dorata\u201d on your right.<\/p>\n<p><b>By water<\/b><\/p>\n<p><i>By taxi<\/i> &#8211; From the airport\u2019s dock take a taxi boat to Rio di Ca\u2019 dolce and get off in Rio ter\u00e0 Barba Frutariol in front of the hotel.<\/p>\n<p><i>By Alilaguna motorboat<\/i> &#8211; From the airport\u2019s dock take the Alilaguna motorboat (blue line) and get off at Fondamenta nuove. Take Salizada dei Spechieri street on your right, cross campo dei Gesuiti square. After the first bridge, continue along salizada Seriman, then cross the second bridge and continue along Salizada del Spezier until you reach newspaper kiosk. Turn right into rio ter\u00e0 Barba Frutariol and go on to the canal. The hotel will be on your right.[\/vc_column_text][\/vc_column][\/vc_row][vc_row css_animation=&#8221;&#8221; row_type=&#8221;row&#8221; use_row_as_full_screen_section=&#8221;no&#8221; type=&#8221;grid&#8221; angled_section=&#8221;no&#8221; text_align=&#8221;left&#8221; background_image_as_pattern=&#8221;without_pattern&#8221; padding_bottom=&#8221;30&#8243;][vc_column width=&#8221;1\/6&#8243;]<span data-type=\"circle\" data-hover-bg-color=\"#043f72\" data-hover-icon-color=\"#ffffff\" class=\"qode_icon_shortcode fa-stack q_font_awsome_icon_stack fa-4x pull-center \" style=\"font-size: 25px;font-size: 35px; \"><i class=\"fa fa-circle fa-stack-base fa-stack-2x\" style=\"color: #043f72;\"><\/i><i class=\"qode_icon_font_awesome fa fa-train qode_icon_element fa-stack-1x\" style=\"font-size: 25px;color: #ffffff;\" ><\/i><\/span>[\/vc_column][vc_column width=&#8221;5\/6&#8243;][vc_empty_space height=&#8221;5px&#8221;][vc_column_text]<\/p>\n<h3>By train<\/h3>\n<p>[\/vc_column_text][vc_empty_space height=&#8221;15px&#8221;][vc_column_text]From the Venice \u201cSanta Lucia\u201d railway station take vaporetto (Venetian public transport boat) number 1 towards San Marco\/Rialto and get off at the Ca\u2019d\u2019oro stop. Follow the directions under \u201cby plane, by land\u201d.[\/vc_column_text][\/vc_column][\/vc_row][vc_row css_animation=&#8221;&#8221; row_type=&#8221;row&#8221; use_row_as_full_screen_section=&#8221;no&#8221; type=&#8221;grid&#8221; angled_section=&#8221;no&#8221; text_align=&#8221;left&#8221; background_image_as_pattern=&#8221;without_pattern&#8221; padding_bottom=&#8221;30&#8243;][vc_column width=&#8221;1\/6&#8243;]<span data-type=\"circle\" data-hover-bg-color=\"#043f72\" data-hover-icon-color=\"#ffffff\" class=\"qode_icon_shortcode fa-stack q_font_awsome_icon_stack fa-4x pull-center \" style=\"font-size: 25px;font-size: 35px; \"><i class=\"fa fa-circle fa-stack-base fa-stack-2x\" style=\"color: #043f72;\"><\/i><i class=\"qode_icon_font_awesome fa fa-car qode_icon_element fa-stack-1x\" style=\"font-size: 25px;color: #ffffff;\" ><\/i><\/span>[\/vc_column][vc_column width=&#8221;5\/6&#8243;][vc_empty_space height=&#8221;5px&#8221;][vc_column_text]<\/p>\n<h3>By car<\/h3>\n<p>[\/vc_column_text][vc_empty_space height=&#8221;15px&#8221;][vc_column_text]Drive straight over the bridge from mainland to Venice, do not turn until you reach the square where busses are turning. Park your car in one of the public garages on the square (Piazzale Roma). Take vaporetto number 1 and get off at the Ca\u2019d\u2019oro stop. Then follow the directions under \u201cby plane, by land\u201d.<\/p>\n<p>If you park your car at Tronchetto (turn right at the end of the bridge that connects Venice to the mainland) take line number 2 to Piazzale Roma. At Piazzale Roma take line number 1 towards San Marco\/Rialto and get off at the Ca\u2019d\u2019oro stop and follow the directions under \u201cby plane by land\u201d.[\/vc_column_text][\/vc_column][\/vc_row][vc_row css_animation=&#8221;&#8221; row_type=&#8221;row&#8221; use_row_as_full_screen_section=&#8221;no&#8221; type=&#8221;full_width&#8221; angled_section=&#8221;no&#8221; text_align=&#8221;left&#8221; background_image_as_pattern=&#8221;without_pattern&#8221; padding_top=&#8221;30&#8243; padding_bottom=&#8221;30&#8243;][vc_column]<div class=\"container_inner\"><div class=\"call_to_action with_icon\" style=\"background-color: #002a5b;padding-top: 50px;padding-bottom: 50px;\"><div class=\"two_columns_75_25 clearfix\"><div class=\"text_wrapper column1\"><div class=\"call_to_action_icon_holder\"><div class=\"call_to_action_icon\"><div class=\"call_to_action_icon_inner\"><i class='fa fa-download pull-left . fa-3x'><\/i><\/div><\/div><\/div><div class=\"call_to_action_text  font_weight_inherit\" style=\"font-weight: 400;\">Download the PDF Map<\/div><\/div><div class=\"button_wrapper column2\"><a itemprop=\"url\" href=\"https:\/\/www.allavitedorata.com\/wp-content\/uploads\/2017\/12\/map_en.pdf\" class=\"qbutton white \" target=\"_blank\" style=\"color: #ffffff;background-color: #607d96;\" data-hover-background-color=#497296 data-hover-color=#ffffff>Download<\/a><\/div><\/div><\/div><\/div>[\/vc_column][\/vc_row]<\/p>\n<\/div>","protected":false},"excerpt":{"rendered":"<p>[vc_row css_animation=&#8221;&#8221; row_type=&#8221;row&#8221; use_row_as_full_screen_section=&#8221;no&#8221; type=&#8221;full_width&#8221; angled_section=&#8221;no&#8221; text_align=&#8221;left&#8221; background_image_as_pattern=&#8221;without_pattern&#8221; el_class=&#8221;full-width-map&#8221;][vc_column][vc_column_text][\/vc_column_text][\/vc_column][\/vc_row][vc_row css_animation=&#8221;&#8221; row_type=&#8221;row&#8221; use_row_as_full_screen_section=&#8221;no&#8221; type=&#8221;grid&#8221; anchor=&#8221;#come-raggiungere&#8221; angled_section=&#8221;no&#8221; text_align=&#8221;left&#8221; background_image_as_pattern=&#8221;without_pattern&#8221; padding_top=&#8221;30&#8243; padding_bottom=&#8221;30&#8243;][vc_column][vc_column_text] How to reach Locanda Alla Vite Dorata [\/vc_column_text][\/vc_column][\/vc_row][vc_row css_animation=&#8221;&#8221; row_type=&#8221;row&#8221; use_row_as_full_screen_section=&#8221;no&#8221; type=&#8221;grid&#8221; angled_section=&#8221;no&#8221; text_align=&#8221;left&#8221; background_image_as_pattern=&#8221;without_pattern&#8221; padding_bottom=&#8221;30&#8243;][vc_column width=&#8221;1\/6&#8243;][\/vc_column][vc_column width=&#8221;5\/6&#8243;][vc_empty_space height=&#8221;5px&#8221;][vc_column_text] By plane from the Venice Marco Polo&#8230;<\/p>\n","protected":false},"author":1,"featured_media":0,"parent":0,"menu_order":0,"comment_status":"closed","ping_status":"closed","template":"full_width.php","meta":[],"aioseo_notices":[],"_links":{"self":[{"href":"https:\/\/www.allavitedorata.com\/en\/wp-json\/wp\/v2\/pages\/241"}],"collection":[{"href":"https:\/\/www.allavitedorata.com\/en\/wp-json\/wp\/v2\/pages"}],"about":[{"href":"https:\/\/www.allavitedorata.com\/en\/wp-json\/wp\/v2\/types\/page"}],"author":[{"embeddable":true,"href":"https:\/\/www.allavitedorata.com\/en\/wp-json\/wp\/v2\/users\/1"}],"replies":[{"embeddable":true,"href":"https:\/\/www.allavitedorata.com\/en\/wp-json\/wp\/v2\/comments?post=241"}],"version-history":[{"count":13,"href":"https:\/\/www.allavitedorata.com\/en\/wp-json\/wp\/v2\/pages\/241\/revisions"}],"predecessor-version":[{"id":353,"href":"https:\/\/www.allavitedorata.com\/en\/wp-json\/wp\/v2\/pages\/241\/revisions\/353"}],"wp:attachment":[{"href":"https:\/\/www.allavitedorata.com\/en\/wp-json\/wp\/v2\/media?parent=241"}],"curies":[{"name":"wp","href":"https:\/\/api.w.org\/{rel}","templated":true}]}}