{"id":227,"date":"2017-12-04T18:36:37","date_gmt":"2017-12-04T17:36:37","guid":{"rendered":"http:\/\/www.allavitedorata.com\/chambres\/"},"modified":"2018-08-03T18:22:54","modified_gmt":"2018-08-03T16:22:54","slug":"chambres","status":"publish","type":"page","link":"https:\/\/www.allavitedorata.com\/fr\/chambres\/","title":{"rendered":"Chambres"},"content":{"rendered":"<div class=\"wpb-content-wrapper\"><p>[vc_row css_animation=\u00a0\u00bb\u00a0\u00bb row_type=\u00a0\u00bbrow\u00a0\u00bb use_row_as_full_screen_section=\u00a0\u00bbno\u00a0\u00bb type=\u00a0\u00bbgrid\u00a0\u00bb angled_section=\u00a0\u00bbno\u00a0\u00bb text_align=\u00a0\u00bbleft\u00a0\u00bb background_image_as_pattern=\u00a0\u00bbwithout_pattern\u00a0\u00bb padding_top=\u00a0\u00bb50&Prime; padding_bottom=\u00a0\u00bb50&Prime;][vc_column][vc_column_text]<\/p>\n<p style=\"text-align: center;\">Les six chambres sont d\u00e9cor\u00e9es dans un style simple et gai. Les lits en ferronnerie ou en bois sont avec baldaquins, les poutres en bois sont apparentes et de riches tentures de diverses couleurs participent \u00e0 l\u2019harmonie.\u00a0Certaines chambres offrent une belle vue sur le canal.<\/p>\n<p style=\"text-align: center;\">Toutes les chambres sont \u00e9quip\u00e9es d\u2019une salle de bain priv\u00e9e, TV satellite, acc\u00e8s Internet (wi-fi), coffre-fort, mini-bar, air conditionn\u00e9 et chauffage avec r\u00e9glage individuel.<\/p>\n<p style=\"text-align: center;\">De plus cet h\u00f4tel poss\u00e8de une chambre sp\u00e9cialement \u00e9quip\u00e9e pour les personnes \u00e0 mobilit\u00e9 r\u00e9duite.\u00a0Le petit-d\u00e9jeuner est servi dans la salle \u00e0 manger avec vue sur le canal.<\/p>\n<p style=\"text-align: center;\">L\u2019ambiance est toute \u00e0 la fois \u00e9l\u00e9gante, raffin\u00e9e, familiale et cordiale.<\/p>\n<p>[\/vc_column_text][\/vc_column][\/vc_row][vc_row css_animation=\u00a0\u00bb\u00a0\u00bb row_type=\u00a0\u00bbrow\u00a0\u00bb use_row_as_full_screen_section=\u00a0\u00bbno\u00a0\u00bb type=\u00a0\u00bbgrid\u00a0\u00bb angled_section=\u00a0\u00bbno\u00a0\u00bb text_align=\u00a0\u00bbleft\u00a0\u00bb background_image_as_pattern=\u00a0\u00bbwithout_pattern\u00a0\u00bb padding_bottom=\u00a0\u00bb50&Prime;][vc_column width=\u00a0\u00bb1\/2&Prime;][vc_gallery interval=\u00a0\u00bb0&Prime; images=\u00a0\u00bb493,494,496,495&Prime; img_size=\u00a0\u00bb540&#215;350&Prime; direction_nav=\u00a0\u00bbyes\u00a0\u00bb control_nav=\u00a0\u00bbno\u00a0\u00bb][vc_empty_space][vc_column_text]<\/p>\n<h3 style=\"text-align: center;\">Singola<\/h3>\n<p>[\/vc_column_text][vc_empty_space][\/vc_column][vc_column width=\u00a0\u00bb1\/2&Prime;][vc_gallery interval=\u00a0\u00bb0&Prime; images=\u00a0\u00bb499,503,502,501,59,58,55,57,61,63,500&Prime; img_size=\u00a0\u00bb540&#215;350&Prime; direction_nav=\u00a0\u00bbyes\u00a0\u00bb control_nav=\u00a0\u00bbno\u00a0\u00bb][vc_empty_space][vc_column_text]<\/p>\n<h3 style=\"text-align: center;\">Matrimoniale Superior<\/h3>\n<p style=\"text-align: center;\">(con vista canale)<\/p>\n<p>[\/vc_column_text][vc_empty_space][\/vc_column][\/vc_row][vc_row css_animation=\u00a0\u00bb\u00a0\u00bb row_type=\u00a0\u00bbrow\u00a0\u00bb use_row_as_full_screen_section=\u00a0\u00bbno\u00a0\u00bb type=\u00a0\u00bbgrid\u00a0\u00bb angled_section=\u00a0\u00bbno\u00a0\u00bb text_align=\u00a0\u00bbleft\u00a0\u00bb background_image_as_pattern=\u00a0\u00bbwithout_pattern\u00a0\u00bb padding_bottom=\u00a0\u00bb50&Prime;][vc_column width=\u00a0\u00bb1\/2&Prime;][vc_gallery interval=\u00a0\u00bb0&Prime; images=\u00a0\u00bb86,87,88,506,505,79,78,77,76,82,84&Prime; img_size=\u00a0\u00bb540&#215;350&Prime; direction_nav=\u00a0\u00bbyes\u00a0\u00bb control_nav=\u00a0\u00bbno\u00a0\u00bb][vc_empty_space][vc_column_text]<\/p>\n<h3 style=\"text-align: center;\">Matrimoniale Superior<\/h3>\n<p>[\/vc_column_text][vc_empty_space][\/vc_column][vc_column width=\u00a0\u00bb1\/2&Prime;][vc_gallery interval=\u00a0\u00bb0&Prime; images=\u00a0\u00bb70,67,64,69,71,72,508&Prime; img_size=\u00a0\u00bb540&#215;350&Prime; direction_nav=\u00a0\u00bbyes\u00a0\u00bb control_nav=\u00a0\u00bbno\u00a0\u00bb][vc_empty_space][vc_column_text]<\/p>\n<h3 style=\"text-align: center;\">Matrimoniale Superior<\/h3>\n<p style=\"text-align: center;\">(con letto aggiunto e vista canale)<\/p>\n<p>[\/vc_column_text][vc_empty_space][\/vc_column][\/vc_row]<\/p>\n<\/div>","protected":false},"excerpt":{"rendered":"<p>[vc_row css_animation=\u00a0\u00bb\u00a0\u00bb row_type=\u00a0\u00bbrow\u00a0\u00bb use_row_as_full_screen_section=\u00a0\u00bbno\u00a0\u00bb type=\u00a0\u00bbgrid\u00a0\u00bb angled_section=\u00a0\u00bbno\u00a0\u00bb text_align=\u00a0\u00bbleft\u00a0\u00bb background_image_as_pattern=\u00a0\u00bbwithout_pattern\u00a0\u00bb padding_top=\u00a0\u00bb50&Prime; padding_bottom=\u00a0\u00bb50&Prime;][vc_column][vc_column_text] Les six chambres sont d\u00e9cor\u00e9es dans un style simple et gai. Les lits en ferronnerie ou en bois sont avec baldaquins, les poutres en bois sont apparentes et de riches tentures de diverses couleurs participent&#8230;<\/p>\n","protected":false},"author":1,"featured_media":0,"parent":0,"menu_order":0,"comment_status":"closed","ping_status":"closed","template":"full_width.php","meta":[],"aioseo_notices":[],"_links":{"self":[{"href":"https:\/\/www.allavitedorata.com\/fr\/wp-json\/wp\/v2\/pages\/227"}],"collection":[{"href":"https:\/\/www.allavitedorata.com\/fr\/wp-json\/wp\/v2\/pages"}],"about":[{"href":"https:\/\/www.allavitedorata.com\/fr\/wp-json\/wp\/v2\/types\/page"}],"author":[{"embeddable":true,"href":"https:\/\/www.allavitedorata.com\/fr\/wp-json\/wp\/v2\/users\/1"}],"replies":[{"embeddable":true,"href":"https:\/\/www.allavitedorata.com\/fr\/wp-json\/wp\/v2\/comments?post=227"}],"version-history":[{"count":3,"href":"https:\/\/www.allavitedorata.com\/fr\/wp-json\/wp\/v2\/pages\/227\/revisions"}],"predecessor-version":[{"id":531,"href":"https:\/\/www.allavitedorata.com\/fr\/wp-json\/wp\/v2\/pages\/227\/revisions\/531"}],"wp:attachment":[{"href":"https:\/\/www.allavitedorata.com\/fr\/wp-json\/wp\/v2\/media?parent=227"}],"curies":[{"name":"wp","href":"https:\/\/api.w.org\/{rel}","templated":true}]}}